{"id":12224,"date":"2022-04-18T14:18:04","date_gmt":"2022-04-18T12:18:04","guid":{"rendered":"https:\/\/emergency-shop.eu\/product\/ecco-ed5050-led-directional-lightheads\/"},"modified":"2023-06-13T12:18:33","modified_gmt":"2023-06-13T10:18:33","slug":"ed5050-lighthead","status":"publish","type":"product","link":"https:\/\/emergency-shop.eu\/en\/shop\/ed5050-lighthead\/","title":{"rendered":"ED5050 directional lighthead"},"content":{"rendered":"<p>ED5050 directional lighthead is a bright and versatile warning lamp suited to a wide variety of applications. Their shallow profile makes them ideal for installation in vehicle front grilles with minimal modification to the vehicle \u2013 cars, vans, trucks and other vehicles with forward facing flat surfaces.<\/p>\n<p>These lightheads feature wide angle optics &amp; multiple flash patterns. Can be synchronised with other units.<\/p>\n<h2>Features:<\/h2>\n<ul>\n<li>Multiple mounts included<\/li>\n<li>9x High Intensity LEDs<\/li>\n<li>Can be synchronized with other units<\/li>\n<li>Polikarbonatno ku\u0107i\u0161te i le\u0107a<\/li>\n<\/ul>\n<h2>Technical specifications for ED5050 directional lighthead:<\/h2>\n<table>\n<tbody>\n<tr>\n<td width=\"302\">Voltage<\/td>\n<td width=\"302\">12VDC<\/td>\n<\/tr>\n<tr>\n<td width=\"302\">Avg. Current<\/p>\n<p>(depending on flash pattern)<\/td>\n<td width=\"302\">0.75A<\/td>\n<\/tr>\n<tr>\n<td width=\"302\">No of flash petterns<\/td>\n<td width=\"302\">18<\/td>\n<\/tr>\n<tr>\n<td width=\"302\">IP rating<\/td>\n<td width=\"302\">IP67<\/td>\n<\/tr>\n<tr>\n<td width=\"302\">Certifications*<\/td>\n<td width=\"302\">ECE R10, ECE R65<\/td>\n<\/tr>\n<\/tbody>\n<\/table>\n<p>*Approvals may vary depending on actual lighthead configuration.<\/p>\n<p>&nbsp;<\/p>\n<h3>Dimensions:<\/h3>\n<div id='gallery-1' class='gallery galleryid-12224 gallery-columns-3 gallery-size-medium'><figure class='gallery-item'>\n\t\t\t<div class='gallery-icon landscape'>\n\t\t\t\t<a href='https:\/\/emergency-shop.eu\/wp-content\/uploads\/2023\/06\/ED5051-dimenzije-2.jpg'><img decoding=\"async\" width=\"371\" height=\"100\" src=\"https:\/\/emergency-shop.eu\/wp-content\/uploads\/2023\/06\/ED5051-dimenzije-2.jpg\" class=\"attachment-medium size-medium\" alt=\"ED 5051 dimenzije\" srcset=\"https:\/\/emergency-shop.eu\/wp-content\/uploads\/2023\/06\/ED5051-dimenzije-2.jpg 371w, https:\/\/emergency-shop.eu\/wp-content\/uploads\/2023\/06\/ED5051-dimenzije-2-280x75.jpg 280w\" sizes=\"(max-width: 371px) 100vw, 371px\" \/><\/a>\n\t\t\t<\/div><\/figure><figure class='gallery-item'>\n\t\t\t<div class='gallery-icon landscape'>\n\t\t\t\t<a href='https:\/\/emergency-shop.eu\/wp-content\/uploads\/2023\/06\/ED5051-dimenzije.jpg'><img decoding=\"async\" width=\"350\" height=\"70\" src=\"https:\/\/emergency-shop.eu\/wp-content\/uploads\/2023\/06\/ED5051-dimenzije.jpg\" class=\"attachment-medium size-medium\" alt=\"ED 5051 dimenzije\" srcset=\"https:\/\/emergency-shop.eu\/wp-content\/uploads\/2023\/06\/ED5051-dimenzije.jpg 350w, https:\/\/emergency-shop.eu\/wp-content\/uploads\/2023\/06\/ED5051-dimenzije-280x56.jpg 280w\" sizes=\"(max-width: 350px) 100vw, 350px\" \/><\/a>\n\t\t\t<\/div><\/figure>\n\t\t<\/div>\n\n<p>&nbsp;<\/p>\n<p>The full range of available lightheads can be browsed <a href=\"https:\/\/emergency-shop.eu\/en\/product-category\/emergency-lighting\/blue-line\/lightheads\/\">here<\/a>.<\/p>\n<p>*The product may differ from image.<\/p>\n","protected":false},"excerpt":{"rendered":"<p>Excellent for grille mount.<\/p>\n<p>Various mounts included.<\/p>\n","protected":false},"featured_media":18025,"comment_status":"open","ping_status":"closed","template":"","meta":[],"product_brand":[],"product_cat":[1539,706,705],"product_tag":[1640],"class_list":{"0":"post-12224","1":"product","2":"type-product","3":"status-publish","4":"has-post-thumbnail","6":"product_cat-blue-line","7":"product_cat-emergency-lighting","8":"product_cat-lightheads","9":"product_tag-ecco-en","11":"first","12":"onbackorder","13":"taxable","14":"shipping-taxable","15":"product-type-simple"},"yoast_head":"<!-- This site is optimized with the Yoast SEO plugin v27.4 - https:\/\/yoast.com\/product\/yoast-seo-wordpress\/ -->\n<title>ED5050 directional lighthead &#8211; Emergency Shop<\/title>\n<meta name=\"description\" content=\"ED5050 directional lighthead is an extremely versatile warning lamp suited front grille installation with minimal modification to the vehicle.\" \/>\n<meta name=\"robots\" content=\"index, follow, max-snippet:-1, max-image-preview:large, max-video-preview:-1\" \/>\n<link rel=\"canonical\" href=\"https:\/\/emergency-shop.eu\/en\/shop\/ed5050-lighthead\/\" \/>\n<meta property=\"og:locale\" content=\"en_US\" \/>\n<meta property=\"og:type\" content=\"article\" \/>\n<meta property=\"og:title\" content=\"ED5050 directional lighthead &#8211; Emergency Shop\" \/>\n<meta property=\"og:description\" content=\"ED5050 directional lighthead is an extremely versatile warning lamp suited front grille installation with minimal modification to the vehicle.\" \/>\n<meta property=\"og:url\" content=\"https:\/\/emergency-shop.eu\/en\/shop\/ed5050-lighthead\/\" \/>\n<meta property=\"og:site_name\" content=\"Emergency Shop\" \/>\n<meta property=\"article:publisher\" content=\"https:\/\/www.facebook.com\/Www.matins.hr\/\" \/>\n<meta property=\"article:modified_time\" content=\"2023-06-13T10:18:33+00:00\" \/>\n<meta property=\"og:image\" content=\"https:\/\/emergency-shop.eu\/wp-content\/uploads\/2023\/06\/ED5051-usmjerena-bljeskalica.webp\" \/>\n\t<meta property=\"og:image:width\" content=\"1000\" \/>\n\t<meta property=\"og:image:height\" content=\"1000\" \/>\n\t<meta property=\"og:image:type\" content=\"image\/webp\" \/>\n<meta name=\"twitter:card\" content=\"summary_large_image\" \/>\n<meta name=\"twitter:site\" content=\"@MatinsCRO\" \/>\n<meta name=\"twitter:label1\" content=\"Est. reading time\" \/>\n\t<meta name=\"twitter:data1\" content=\"1 minute\" \/>\n<script type=\"application\/ld+json\" class=\"yoast-schema-graph\">{\"@context\":\"https:\\\/\\\/schema.org\",\"@graph\":[{\"@type\":\"WebPage\",\"@id\":\"https:\\\/\\\/emergency-shop.eu\\\/en\\\/shop\\\/ed5050-lighthead\\\/\",\"url\":\"https:\\\/\\\/emergency-shop.eu\\\/en\\\/shop\\\/ed5050-lighthead\\\/\",\"name\":\"ED5050 directional lighthead &#8211; Emergency Shop\",\"isPartOf\":{\"@id\":\"https:\\\/\\\/emergency-shop.eu\\\/en\\\/#website\"},\"primaryImageOfPage\":{\"@id\":\"https:\\\/\\\/emergency-shop.eu\\\/en\\\/shop\\\/ed5050-lighthead\\\/#primaryimage\"},\"image\":{\"@id\":\"https:\\\/\\\/emergency-shop.eu\\\/en\\\/shop\\\/ed5050-lighthead\\\/#primaryimage\"},\"thumbnailUrl\":\"https:\\\/\\\/emergency-shop.eu\\\/wp-content\\\/uploads\\\/2023\\\/06\\\/ED5051-usmjerena-bljeskalica.webp\",\"datePublished\":\"2022-04-18T12:18:04+00:00\",\"dateModified\":\"2023-06-13T10:18:33+00:00\",\"description\":\"ED5050 directional lighthead is an extremely versatile warning lamp suited front grille installation with minimal modification to the vehicle.\",\"breadcrumb\":{\"@id\":\"https:\\\/\\\/emergency-shop.eu\\\/en\\\/shop\\\/ed5050-lighthead\\\/#breadcrumb\"},\"inLanguage\":\"en-US\",\"potentialAction\":[{\"@type\":\"ReadAction\",\"target\":[\"https:\\\/\\\/emergency-shop.eu\\\/en\\\/shop\\\/ed5050-lighthead\\\/\"]}]},{\"@type\":\"ImageObject\",\"inLanguage\":\"en-US\",\"@id\":\"https:\\\/\\\/emergency-shop.eu\\\/en\\\/shop\\\/ed5050-lighthead\\\/#primaryimage\",\"url\":\"https:\\\/\\\/emergency-shop.eu\\\/wp-content\\\/uploads\\\/2023\\\/06\\\/ED5051-usmjerena-bljeskalica.webp\",\"contentUrl\":\"https:\\\/\\\/emergency-shop.eu\\\/wp-content\\\/uploads\\\/2023\\\/06\\\/ED5051-usmjerena-bljeskalica.webp\",\"width\":1000,\"height\":1000,\"caption\":\"ED5051 usmjerena bljeskalica amber\"},{\"@type\":\"BreadcrumbList\",\"@id\":\"https:\\\/\\\/emergency-shop.eu\\\/en\\\/shop\\\/ed5050-lighthead\\\/#breadcrumb\",\"itemListElement\":[{\"@type\":\"ListItem\",\"position\":1,\"name\":\"Home page\",\"item\":\"https:\\\/\\\/emergency-shop.eu\\\/en\\\/emergency-shop\\\/\"},{\"@type\":\"ListItem\",\"position\":2,\"name\":\"Shop\",\"item\":\"https:\\\/\\\/emergency-shop.eu\\\/shop\\\/\"},{\"@type\":\"ListItem\",\"position\":3,\"name\":\"ED5050 directional lighthead\"}]},{\"@type\":\"WebSite\",\"@id\":\"https:\\\/\\\/emergency-shop.eu\\\/en\\\/#website\",\"url\":\"https:\\\/\\\/emergency-shop.eu\\\/en\\\/\",\"name\":\"Emergency Shop\",\"description\":\"Emergency Shop for emergency services\",\"publisher\":{\"@id\":\"https:\\\/\\\/emergency-shop.eu\\\/en\\\/#organization\"},\"potentialAction\":[{\"@type\":\"SearchAction\",\"target\":{\"@type\":\"EntryPoint\",\"urlTemplate\":\"https:\\\/\\\/emergency-shop.eu\\\/en\\\/?s={search_term_string}\"},\"query-input\":{\"@type\":\"PropertyValueSpecification\",\"valueRequired\":true,\"valueName\":\"search_term_string\"}}],\"inLanguage\":\"en-US\"},{\"@type\":\"Organization\",\"@id\":\"https:\\\/\\\/emergency-shop.eu\\\/en\\\/#organization\",\"name\":\"Emergency Shop\",\"url\":\"https:\\\/\\\/emergency-shop.eu\\\/en\\\/\",\"logo\":{\"@type\":\"ImageObject\",\"inLanguage\":\"en-US\",\"@id\":\"https:\\\/\\\/emergency-shop.eu\\\/en\\\/#\\\/schema\\\/logo\\\/image\\\/\",\"url\":\"https:\\\/\\\/emergency-shop.eu\\\/wp-content\\\/uploads\\\/2019\\\/08\\\/Matins-logo_400.png\",\"contentUrl\":\"https:\\\/\\\/emergency-shop.eu\\\/wp-content\\\/uploads\\\/2019\\\/08\\\/Matins-logo_400.png\",\"width\":400,\"height\":176,\"caption\":\"Emergency Shop\"},\"image\":{\"@id\":\"https:\\\/\\\/emergency-shop.eu\\\/en\\\/#\\\/schema\\\/logo\\\/image\\\/\"},\"sameAs\":[\"https:\\\/\\\/www.facebook.com\\\/Www.matins.hr\\\/\",\"https:\\\/\\\/x.com\\\/MatinsCRO\",\"https:\\\/\\\/www.instagram.com\\\/matins.hr\\\/\",\"https:\\\/\\\/www.linkedin.com\\\/company\\\/matins\\\/\",\"https:\\\/\\\/www.youtube.com\\\/user\\\/matinscro\\\/\"]}]}<\/script>\n<!-- \/ Yoast SEO plugin. -->","yoast_head_json":{"title":"ED5050 directional lighthead &#8211; Emergency Shop","description":"ED5050 directional lighthead is an extremely versatile warning lamp suited front grille installation with minimal modification to the vehicle.","robots":{"index":"index","follow":"follow","max-snippet":"max-snippet:-1","max-image-preview":"max-image-preview:large","max-video-preview":"max-video-preview:-1"},"canonical":"https:\/\/emergency-shop.eu\/en\/shop\/ed5050-lighthead\/","og_locale":"en_US","og_type":"article","og_title":"ED5050 directional lighthead &#8211; Emergency Shop","og_description":"ED5050 directional lighthead is an extremely versatile warning lamp suited front grille installation with minimal modification to the vehicle.","og_url":"https:\/\/emergency-shop.eu\/en\/shop\/ed5050-lighthead\/","og_site_name":"Emergency Shop","article_publisher":"https:\/\/www.facebook.com\/Www.matins.hr\/","article_modified_time":"2023-06-13T10:18:33+00:00","og_image":[{"width":1000,"height":1000,"url":"https:\/\/emergency-shop.eu\/wp-content\/uploads\/2023\/06\/ED5051-usmjerena-bljeskalica.webp","type":"image\/webp"}],"twitter_card":"summary_large_image","twitter_site":"@MatinsCRO","twitter_misc":{"Est. reading time":"1 minute"},"schema":{"@context":"https:\/\/schema.org","@graph":[{"@type":"WebPage","@id":"https:\/\/emergency-shop.eu\/en\/shop\/ed5050-lighthead\/","url":"https:\/\/emergency-shop.eu\/en\/shop\/ed5050-lighthead\/","name":"ED5050 directional lighthead &#8211; Emergency Shop","isPartOf":{"@id":"https:\/\/emergency-shop.eu\/en\/#website"},"primaryImageOfPage":{"@id":"https:\/\/emergency-shop.eu\/en\/shop\/ed5050-lighthead\/#primaryimage"},"image":{"@id":"https:\/\/emergency-shop.eu\/en\/shop\/ed5050-lighthead\/#primaryimage"},"thumbnailUrl":"https:\/\/emergency-shop.eu\/wp-content\/uploads\/2023\/06\/ED5051-usmjerena-bljeskalica.webp","datePublished":"2022-04-18T12:18:04+00:00","dateModified":"2023-06-13T10:18:33+00:00","description":"ED5050 directional lighthead is an extremely versatile warning lamp suited front grille installation with minimal modification to the vehicle.","breadcrumb":{"@id":"https:\/\/emergency-shop.eu\/en\/shop\/ed5050-lighthead\/#breadcrumb"},"inLanguage":"en-US","potentialAction":[{"@type":"ReadAction","target":["https:\/\/emergency-shop.eu\/en\/shop\/ed5050-lighthead\/"]}]},{"@type":"ImageObject","inLanguage":"en-US","@id":"https:\/\/emergency-shop.eu\/en\/shop\/ed5050-lighthead\/#primaryimage","url":"https:\/\/emergency-shop.eu\/wp-content\/uploads\/2023\/06\/ED5051-usmjerena-bljeskalica.webp","contentUrl":"https:\/\/emergency-shop.eu\/wp-content\/uploads\/2023\/06\/ED5051-usmjerena-bljeskalica.webp","width":1000,"height":1000,"caption":"ED5051 usmjerena bljeskalica amber"},{"@type":"BreadcrumbList","@id":"https:\/\/emergency-shop.eu\/en\/shop\/ed5050-lighthead\/#breadcrumb","itemListElement":[{"@type":"ListItem","position":1,"name":"Home page","item":"https:\/\/emergency-shop.eu\/en\/emergency-shop\/"},{"@type":"ListItem","position":2,"name":"Shop","item":"https:\/\/emergency-shop.eu\/shop\/"},{"@type":"ListItem","position":3,"name":"ED5050 directional lighthead"}]},{"@type":"WebSite","@id":"https:\/\/emergency-shop.eu\/en\/#website","url":"https:\/\/emergency-shop.eu\/en\/","name":"Emergency Shop","description":"Emergency Shop for emergency services","publisher":{"@id":"https:\/\/emergency-shop.eu\/en\/#organization"},"potentialAction":[{"@type":"SearchAction","target":{"@type":"EntryPoint","urlTemplate":"https:\/\/emergency-shop.eu\/en\/?s={search_term_string}"},"query-input":{"@type":"PropertyValueSpecification","valueRequired":true,"valueName":"search_term_string"}}],"inLanguage":"en-US"},{"@type":"Organization","@id":"https:\/\/emergency-shop.eu\/en\/#organization","name":"Emergency Shop","url":"https:\/\/emergency-shop.eu\/en\/","logo":{"@type":"ImageObject","inLanguage":"en-US","@id":"https:\/\/emergency-shop.eu\/en\/#\/schema\/logo\/image\/","url":"https:\/\/emergency-shop.eu\/wp-content\/uploads\/2019\/08\/Matins-logo_400.png","contentUrl":"https:\/\/emergency-shop.eu\/wp-content\/uploads\/2019\/08\/Matins-logo_400.png","width":400,"height":176,"caption":"Emergency Shop"},"image":{"@id":"https:\/\/emergency-shop.eu\/en\/#\/schema\/logo\/image\/"},"sameAs":["https:\/\/www.facebook.com\/Www.matins.hr\/","https:\/\/x.com\/MatinsCRO","https:\/\/www.instagram.com\/matins.hr\/","https:\/\/www.linkedin.com\/company\/matins\/","https:\/\/www.youtube.com\/user\/matinscro\/"]}]}},"_links":{"self":[{"href":"https:\/\/emergency-shop.eu\/en\/wp-json\/wp\/v2\/product\/12224","targetHints":{"allow":["GET"]}}],"collection":[{"href":"https:\/\/emergency-shop.eu\/en\/wp-json\/wp\/v2\/product"}],"about":[{"href":"https:\/\/emergency-shop.eu\/en\/wp-json\/wp\/v2\/types\/product"}],"replies":[{"embeddable":true,"href":"https:\/\/emergency-shop.eu\/en\/wp-json\/wp\/v2\/comments?post=12224"}],"wp:featuredmedia":[{"embeddable":true,"href":"https:\/\/emergency-shop.eu\/en\/wp-json\/wp\/v2\/media\/18025"}],"wp:attachment":[{"href":"https:\/\/emergency-shop.eu\/en\/wp-json\/wp\/v2\/media?parent=12224"}],"wp:term":[{"taxonomy":"product_brand","embeddable":true,"href":"https:\/\/emergency-shop.eu\/en\/wp-json\/wp\/v2\/product_brand?post=12224"},{"taxonomy":"product_cat","embeddable":true,"href":"https:\/\/emergency-shop.eu\/en\/wp-json\/wp\/v2\/product_cat?post=12224"},{"taxonomy":"product_tag","embeddable":true,"href":"https:\/\/emergency-shop.eu\/en\/wp-json\/wp\/v2\/product_tag?post=12224"}],"curies":[{"name":"wp","href":"https:\/\/api.w.org\/{rel}","templated":true}]}}