{"id":19973,"date":"2023-10-27T13:49:50","date_gmt":"2023-10-27T11:49:50","guid":{"rendered":"https:\/\/emergency-shop.eu\/?post_type=product&#038;p=19973"},"modified":"2023-10-31T09:19:59","modified_gmt":"2023-10-31T07:19:59","slug":"stainless-steel-tank-for-high-pressure-kit","status":"publish","type":"product","link":"https:\/\/emergency-shop.eu\/en\/shop\/stainless-steel-tank-for-high-pressure-kit\/","title":{"rendered":"Stainless Steel Tank for High Pressure Kits"},"content":{"rendered":"<p>Stainless Steel Tank for High Pressure Kit comes in an L or T shape.<\/p>\n<p>It is reinforced with external ribs and thick walls to withstand stress. Structural reinforcements and breakwater bulkheads inside the tank ensure an easy and safe transportation.<\/p>\n<p>No internal foam tanks come with the stainless steel tank.<\/p>\n<p>&nbsp;<\/p>\n<h2>Features:<\/h2>\n<ul>\n<li>Stainless steel tank (AISI 304)<\/li>\n<li>L or T shaped<\/li>\n<li>Tank capacity \u2013 350, 400, 500 ili 600L<\/li>\n<\/ul>\n<p>&nbsp;<\/p>\n<div id='gallery-1' class='gallery galleryid-19973 gallery-columns-6 gallery-size-medium'><figure class='gallery-item'>\n\t\t\t<div class='gallery-icon landscape'>\n\t\t\t\t<a href='https:\/\/emergency-shop.eu\/en\/?attachment_id=19960#main'><img decoding=\"async\" width=\"117\" height=\"100\" src=\"https:\/\/emergency-shop.eu\/wp-content\/uploads\/2023\/10\/T-shaped-stainless-steel-tank.jpg\" class=\"attachment-medium size-medium\" alt=\"\" aria-describedby=\"gallery-1-19960\" \/><\/a>\n\t\t\t<\/div>\n\t\t\t\t<figcaption class='wp-caption-text gallery-caption' id='gallery-1-19960'>\n\t\t\t\tT-shaped tank\n\t\t\t\t<\/figcaption><\/figure><figure class='gallery-item'>\n\t\t\t<div class='gallery-icon landscape'>\n\t\t\t\t<a href='https:\/\/emergency-shop.eu\/en\/?attachment_id=19962#main'><img decoding=\"async\" width=\"117\" height=\"96\" src=\"https:\/\/emergency-shop.eu\/wp-content\/uploads\/2023\/10\/L-shaped-stainless-steel-tank.jpg\" class=\"attachment-medium size-medium\" alt=\"T-shaped-stainless-steel-tank\" aria-describedby=\"gallery-1-19962\" \/><\/a>\n\t\t\t<\/div>\n\t\t\t\t<figcaption class='wp-caption-text gallery-caption' id='gallery-1-19962'>\n\t\t\t\tL-shaped tank\n\t\t\t\t<\/figcaption><\/figure>\n\t\t<\/div>\n\n<p>Other high pressure kits and tanks in our offer can be browsed <a href=\"https:\/\/emergency-shop.eu\/en\/product-category\/optional-equipment\/high-pressure-kits-tanks\/\">here<\/a>.<\/p>\n<p>*Photographs can differ from product appearance.<\/p>\n","protected":false},"excerpt":{"rendered":"<p>Stainless steel tank (AISI 304).<\/p>\n<p>L or T shaped.<\/p>\n<p>Tank capacity \u2013 350, 400, 500 ili 600L.<\/p>\n","protected":false},"featured_media":19972,"comment_status":"closed","ping_status":"closed","template":"","meta":[],"product_brand":[],"product_cat":[747,680],"product_tag":[1687],"class_list":{"0":"post-19973","1":"product","2":"type-product","3":"status-publish","4":"has-post-thumbnail","6":"product_cat-high-pressure-kits-tanks","7":"product_cat-optional-equipment","8":"product_tag-fireco-en","10":"first","11":"onbackorder","12":"taxable","13":"shipping-taxable","14":"product-type-simple"},"yoast_head":"<!-- This site is optimized with the Yoast SEO plugin v27.4 - https:\/\/yoast.com\/product\/yoast-seo-wordpress\/ -->\n<title>Stainless Steel Tank for High Pressure Kits &#8211; Emergency Shop<\/title>\n<meta name=\"description\" content=\"Stainless Steel Tank for High Pressure Kits comes in an L or T shape reinforced with external ribs and thick walls to withstand stress.\" \/>\n<meta name=\"robots\" content=\"index, follow, max-snippet:-1, max-image-preview:large, max-video-preview:-1\" \/>\n<link rel=\"canonical\" href=\"https:\/\/emergency-shop.eu\/en\/shop\/stainless-steel-tank-for-high-pressure-kit\/\" \/>\n<meta property=\"og:locale\" content=\"en_US\" \/>\n<meta property=\"og:type\" content=\"article\" \/>\n<meta property=\"og:title\" content=\"Stainless Steel Tank for High Pressure Kits &#8211; Emergency Shop\" \/>\n<meta property=\"og:description\" content=\"Stainless Steel Tank for High Pressure Kits comes in an L or T shape reinforced with external ribs and thick walls to withstand stress.\" \/>\n<meta property=\"og:url\" content=\"https:\/\/emergency-shop.eu\/en\/shop\/stainless-steel-tank-for-high-pressure-kit\/\" \/>\n<meta property=\"og:site_name\" content=\"Emergency Shop\" \/>\n<meta property=\"article:publisher\" content=\"https:\/\/www.facebook.com\/Www.matins.hr\/\" \/>\n<meta property=\"article:modified_time\" content=\"2023-10-31T07:19:59+00:00\" \/>\n<meta property=\"og:image\" content=\"https:\/\/emergency-shop.eu\/wp-content\/uploads\/2023\/10\/Fireco-visokotlacni-modul-od-nehrdajuceg-celika-u-obliku-L-1.webp\" \/>\n\t<meta property=\"og:image:width\" content=\"1500\" \/>\n\t<meta property=\"og:image:height\" content=\"1500\" \/>\n\t<meta property=\"og:image:type\" content=\"image\/webp\" \/>\n<meta name=\"twitter:card\" content=\"summary_large_image\" \/>\n<meta name=\"twitter:site\" content=\"@MatinsCRO\" \/>\n<meta name=\"twitter:label1\" content=\"Est. reading time\" \/>\n\t<meta name=\"twitter:data1\" content=\"1 minute\" \/>\n<script type=\"application\/ld+json\" class=\"yoast-schema-graph\">{\"@context\":\"https:\\\/\\\/schema.org\",\"@graph\":[{\"@type\":\"WebPage\",\"@id\":\"https:\\\/\\\/emergency-shop.eu\\\/en\\\/shop\\\/stainless-steel-tank-for-high-pressure-kit\\\/\",\"url\":\"https:\\\/\\\/emergency-shop.eu\\\/en\\\/shop\\\/stainless-steel-tank-for-high-pressure-kit\\\/\",\"name\":\"Stainless Steel Tank for High Pressure Kits &#8211; Emergency Shop\",\"isPartOf\":{\"@id\":\"https:\\\/\\\/emergency-shop.eu\\\/en\\\/#website\"},\"primaryImageOfPage\":{\"@id\":\"https:\\\/\\\/emergency-shop.eu\\\/en\\\/shop\\\/stainless-steel-tank-for-high-pressure-kit\\\/#primaryimage\"},\"image\":{\"@id\":\"https:\\\/\\\/emergency-shop.eu\\\/en\\\/shop\\\/stainless-steel-tank-for-high-pressure-kit\\\/#primaryimage\"},\"thumbnailUrl\":\"https:\\\/\\\/emergency-shop.eu\\\/wp-content\\\/uploads\\\/2023\\\/10\\\/Fireco-visokotlacni-modul-od-nehrdajuceg-celika-u-obliku-L-1.webp\",\"datePublished\":\"2023-10-27T11:49:50+00:00\",\"dateModified\":\"2023-10-31T07:19:59+00:00\",\"description\":\"Stainless Steel Tank for High Pressure Kits comes in an L or T shape reinforced with external ribs and thick walls to withstand stress.\",\"breadcrumb\":{\"@id\":\"https:\\\/\\\/emergency-shop.eu\\\/en\\\/shop\\\/stainless-steel-tank-for-high-pressure-kit\\\/#breadcrumb\"},\"inLanguage\":\"en-US\",\"potentialAction\":[{\"@type\":\"ReadAction\",\"target\":[\"https:\\\/\\\/emergency-shop.eu\\\/en\\\/shop\\\/stainless-steel-tank-for-high-pressure-kit\\\/\"]}]},{\"@type\":\"ImageObject\",\"inLanguage\":\"en-US\",\"@id\":\"https:\\\/\\\/emergency-shop.eu\\\/en\\\/shop\\\/stainless-steel-tank-for-high-pressure-kit\\\/#primaryimage\",\"url\":\"https:\\\/\\\/emergency-shop.eu\\\/wp-content\\\/uploads\\\/2023\\\/10\\\/Fireco-visokotlacni-modul-od-nehrdajuceg-celika-u-obliku-L-1.webp\",\"contentUrl\":\"https:\\\/\\\/emergency-shop.eu\\\/wp-content\\\/uploads\\\/2023\\\/10\\\/Fireco-visokotlacni-modul-od-nehrdajuceg-celika-u-obliku-L-1.webp\",\"width\":1500,\"height\":1500,\"caption\":\"Fireco visokotla\u010dni modul od nehr\u0111aju\u0107eg \u010delika u obliku L\"},{\"@type\":\"BreadcrumbList\",\"@id\":\"https:\\\/\\\/emergency-shop.eu\\\/en\\\/shop\\\/stainless-steel-tank-for-high-pressure-kit\\\/#breadcrumb\",\"itemListElement\":[{\"@type\":\"ListItem\",\"position\":1,\"name\":\"Home page\",\"item\":\"https:\\\/\\\/emergency-shop.eu\\\/en\\\/emergency-shop\\\/\"},{\"@type\":\"ListItem\",\"position\":2,\"name\":\"Shop\",\"item\":\"https:\\\/\\\/emergency-shop.eu\\\/shop\\\/\"},{\"@type\":\"ListItem\",\"position\":3,\"name\":\"Stainless Steel Tank for High Pressure Kits\"}]},{\"@type\":\"WebSite\",\"@id\":\"https:\\\/\\\/emergency-shop.eu\\\/en\\\/#website\",\"url\":\"https:\\\/\\\/emergency-shop.eu\\\/en\\\/\",\"name\":\"Emergency Shop\",\"description\":\"Emergency Shop for emergency services\",\"publisher\":{\"@id\":\"https:\\\/\\\/emergency-shop.eu\\\/en\\\/#organization\"},\"potentialAction\":[{\"@type\":\"SearchAction\",\"target\":{\"@type\":\"EntryPoint\",\"urlTemplate\":\"https:\\\/\\\/emergency-shop.eu\\\/en\\\/?s={search_term_string}\"},\"query-input\":{\"@type\":\"PropertyValueSpecification\",\"valueRequired\":true,\"valueName\":\"search_term_string\"}}],\"inLanguage\":\"en-US\"},{\"@type\":\"Organization\",\"@id\":\"https:\\\/\\\/emergency-shop.eu\\\/en\\\/#organization\",\"name\":\"Emergency Shop\",\"url\":\"https:\\\/\\\/emergency-shop.eu\\\/en\\\/\",\"logo\":{\"@type\":\"ImageObject\",\"inLanguage\":\"en-US\",\"@id\":\"https:\\\/\\\/emergency-shop.eu\\\/en\\\/#\\\/schema\\\/logo\\\/image\\\/\",\"url\":\"https:\\\/\\\/emergency-shop.eu\\\/wp-content\\\/uploads\\\/2019\\\/08\\\/Matins-logo_400.png\",\"contentUrl\":\"https:\\\/\\\/emergency-shop.eu\\\/wp-content\\\/uploads\\\/2019\\\/08\\\/Matins-logo_400.png\",\"width\":400,\"height\":176,\"caption\":\"Emergency Shop\"},\"image\":{\"@id\":\"https:\\\/\\\/emergency-shop.eu\\\/en\\\/#\\\/schema\\\/logo\\\/image\\\/\"},\"sameAs\":[\"https:\\\/\\\/www.facebook.com\\\/Www.matins.hr\\\/\",\"https:\\\/\\\/x.com\\\/MatinsCRO\",\"https:\\\/\\\/www.instagram.com\\\/matins.hr\\\/\",\"https:\\\/\\\/www.linkedin.com\\\/company\\\/matins\\\/\",\"https:\\\/\\\/www.youtube.com\\\/user\\\/matinscro\\\/\"]}]}<\/script>\n<!-- \/ Yoast SEO plugin. -->","yoast_head_json":{"title":"Stainless Steel Tank for High Pressure Kits &#8211; Emergency Shop","description":"Stainless Steel Tank for High Pressure Kits comes in an L or T shape reinforced with external ribs and thick walls to withstand stress.","robots":{"index":"index","follow":"follow","max-snippet":"max-snippet:-1","max-image-preview":"max-image-preview:large","max-video-preview":"max-video-preview:-1"},"canonical":"https:\/\/emergency-shop.eu\/en\/shop\/stainless-steel-tank-for-high-pressure-kit\/","og_locale":"en_US","og_type":"article","og_title":"Stainless Steel Tank for High Pressure Kits &#8211; Emergency Shop","og_description":"Stainless Steel Tank for High Pressure Kits comes in an L or T shape reinforced with external ribs and thick walls to withstand stress.","og_url":"https:\/\/emergency-shop.eu\/en\/shop\/stainless-steel-tank-for-high-pressure-kit\/","og_site_name":"Emergency Shop","article_publisher":"https:\/\/www.facebook.com\/Www.matins.hr\/","article_modified_time":"2023-10-31T07:19:59+00:00","og_image":[{"width":1500,"height":1500,"url":"https:\/\/emergency-shop.eu\/wp-content\/uploads\/2023\/10\/Fireco-visokotlacni-modul-od-nehrdajuceg-celika-u-obliku-L-1.webp","type":"image\/webp"}],"twitter_card":"summary_large_image","twitter_site":"@MatinsCRO","twitter_misc":{"Est. reading time":"1 minute"},"schema":{"@context":"https:\/\/schema.org","@graph":[{"@type":"WebPage","@id":"https:\/\/emergency-shop.eu\/en\/shop\/stainless-steel-tank-for-high-pressure-kit\/","url":"https:\/\/emergency-shop.eu\/en\/shop\/stainless-steel-tank-for-high-pressure-kit\/","name":"Stainless Steel Tank for High Pressure Kits &#8211; Emergency Shop","isPartOf":{"@id":"https:\/\/emergency-shop.eu\/en\/#website"},"primaryImageOfPage":{"@id":"https:\/\/emergency-shop.eu\/en\/shop\/stainless-steel-tank-for-high-pressure-kit\/#primaryimage"},"image":{"@id":"https:\/\/emergency-shop.eu\/en\/shop\/stainless-steel-tank-for-high-pressure-kit\/#primaryimage"},"thumbnailUrl":"https:\/\/emergency-shop.eu\/wp-content\/uploads\/2023\/10\/Fireco-visokotlacni-modul-od-nehrdajuceg-celika-u-obliku-L-1.webp","datePublished":"2023-10-27T11:49:50+00:00","dateModified":"2023-10-31T07:19:59+00:00","description":"Stainless Steel Tank for High Pressure Kits comes in an L or T shape reinforced with external ribs and thick walls to withstand stress.","breadcrumb":{"@id":"https:\/\/emergency-shop.eu\/en\/shop\/stainless-steel-tank-for-high-pressure-kit\/#breadcrumb"},"inLanguage":"en-US","potentialAction":[{"@type":"ReadAction","target":["https:\/\/emergency-shop.eu\/en\/shop\/stainless-steel-tank-for-high-pressure-kit\/"]}]},{"@type":"ImageObject","inLanguage":"en-US","@id":"https:\/\/emergency-shop.eu\/en\/shop\/stainless-steel-tank-for-high-pressure-kit\/#primaryimage","url":"https:\/\/emergency-shop.eu\/wp-content\/uploads\/2023\/10\/Fireco-visokotlacni-modul-od-nehrdajuceg-celika-u-obliku-L-1.webp","contentUrl":"https:\/\/emergency-shop.eu\/wp-content\/uploads\/2023\/10\/Fireco-visokotlacni-modul-od-nehrdajuceg-celika-u-obliku-L-1.webp","width":1500,"height":1500,"caption":"Fireco visokotla\u010dni modul od nehr\u0111aju\u0107eg \u010delika u obliku L"},{"@type":"BreadcrumbList","@id":"https:\/\/emergency-shop.eu\/en\/shop\/stainless-steel-tank-for-high-pressure-kit\/#breadcrumb","itemListElement":[{"@type":"ListItem","position":1,"name":"Home page","item":"https:\/\/emergency-shop.eu\/en\/emergency-shop\/"},{"@type":"ListItem","position":2,"name":"Shop","item":"https:\/\/emergency-shop.eu\/shop\/"},{"@type":"ListItem","position":3,"name":"Stainless Steel Tank for High Pressure Kits"}]},{"@type":"WebSite","@id":"https:\/\/emergency-shop.eu\/en\/#website","url":"https:\/\/emergency-shop.eu\/en\/","name":"Emergency Shop","description":"Emergency Shop for emergency services","publisher":{"@id":"https:\/\/emergency-shop.eu\/en\/#organization"},"potentialAction":[{"@type":"SearchAction","target":{"@type":"EntryPoint","urlTemplate":"https:\/\/emergency-shop.eu\/en\/?s={search_term_string}"},"query-input":{"@type":"PropertyValueSpecification","valueRequired":true,"valueName":"search_term_string"}}],"inLanguage":"en-US"},{"@type":"Organization","@id":"https:\/\/emergency-shop.eu\/en\/#organization","name":"Emergency Shop","url":"https:\/\/emergency-shop.eu\/en\/","logo":{"@type":"ImageObject","inLanguage":"en-US","@id":"https:\/\/emergency-shop.eu\/en\/#\/schema\/logo\/image\/","url":"https:\/\/emergency-shop.eu\/wp-content\/uploads\/2019\/08\/Matins-logo_400.png","contentUrl":"https:\/\/emergency-shop.eu\/wp-content\/uploads\/2019\/08\/Matins-logo_400.png","width":400,"height":176,"caption":"Emergency Shop"},"image":{"@id":"https:\/\/emergency-shop.eu\/en\/#\/schema\/logo\/image\/"},"sameAs":["https:\/\/www.facebook.com\/Www.matins.hr\/","https:\/\/x.com\/MatinsCRO","https:\/\/www.instagram.com\/matins.hr\/","https:\/\/www.linkedin.com\/company\/matins\/","https:\/\/www.youtube.com\/user\/matinscro\/"]}]}},"_links":{"self":[{"href":"https:\/\/emergency-shop.eu\/en\/wp-json\/wp\/v2\/product\/19973","targetHints":{"allow":["GET"]}}],"collection":[{"href":"https:\/\/emergency-shop.eu\/en\/wp-json\/wp\/v2\/product"}],"about":[{"href":"https:\/\/emergency-shop.eu\/en\/wp-json\/wp\/v2\/types\/product"}],"replies":[{"embeddable":true,"href":"https:\/\/emergency-shop.eu\/en\/wp-json\/wp\/v2\/comments?post=19973"}],"wp:featuredmedia":[{"embeddable":true,"href":"https:\/\/emergency-shop.eu\/en\/wp-json\/wp\/v2\/media\/19972"}],"wp:attachment":[{"href":"https:\/\/emergency-shop.eu\/en\/wp-json\/wp\/v2\/media?parent=19973"}],"wp:term":[{"taxonomy":"product_brand","embeddable":true,"href":"https:\/\/emergency-shop.eu\/en\/wp-json\/wp\/v2\/product_brand?post=19973"},{"taxonomy":"product_cat","embeddable":true,"href":"https:\/\/emergency-shop.eu\/en\/wp-json\/wp\/v2\/product_cat?post=19973"},{"taxonomy":"product_tag","embeddable":true,"href":"https:\/\/emergency-shop.eu\/en\/wp-json\/wp\/v2\/product_tag?post=19973"}],"curies":[{"name":"wp","href":"https:\/\/api.w.org\/{rel}","templated":true}]}}